{"id":1052,"date":"2022-01-17T09:33:12","date_gmt":"2022-01-17T08:33:12","guid":{"rendered":"http:\/\/www.crimoncalieri.it\/?page_id=1052"},"modified":"2022-01-17T10:15:04","modified_gmt":"2022-01-17T09:15:04","slug":"privacy","status":"publish","type":"page","link":"https:\/\/www.crimoncalieri.it\/?page_id=1052","title":{"rendered":"Privacy"},"content":{"rendered":"<div id=\"yMail_cursorElementTracker_1642341632443\">\n<div id=\"yMail_cursorElementTracker_1642341636781\">INFORMATIVA AI SENSI DELL\u2019ART. 13 DEL REGOLAMENTO (UE) 2016\/679<\/div>\n<\/div>\n<div id=\"yMail_cursorElementTracker_1642341634333\">Gentile Utente,<\/div>\n<div>con la presente Croce Rossa Italiana \u2013 Comitato di Moncalieri OdV con sede in Corso Trieste, 91 \u2013<\/div>\n<div>Moncalieri (TO), in qualit\u00e0 di \u201cTitolare\u201d del trattamento La informa sulle modalit\u00e0 di trattamento dei<\/div>\n<div>Suoi dati da parte del Comitato in relazione alle attivit\u00e0 relative alle prestazioni socio assistenziali e<\/div>\n<div>correlate alla richiesta di informazioni attraverso i nostri contatti (mail, telefono, ecc..), in conformit\u00e0<\/div>\n<div>al Regolamento (UE) 2016\/679 del Parlamento europeo e del Consiglio del 27 aprile 2016 relativo<\/div>\n<div>alla protezione delle persone fisiche riguardo al trattamento dei dati personali e relativa normativa di<\/div>\n<div>attuazione (di seguito, congiuntamente, il \u201cRegolamento\u201d).<\/div>\n<div>1. I dati che la riguardano sono quelli:<\/div>\n<div>a) raccolti in fase di contatto telefonico\/informatico con il nostro Comitato<\/div>\n<div>b) per l\u2019esecuzione delle prestazioni socio assistenziali richieste<\/div>\n<div>2. I Suoi dati potranno essere trattati per le seguenti finalit\u00e0:<\/div>\n<div>&#8211; gestione amministrativa (esempio registrazione delle richieste per l\u2019attivazione dei servizi,<\/div>\n<div>comunicazione agli organi competenti, emissione delle fatture, ecc.);<\/div>\n<div>&#8211; organizzazione e gestione delle attivit\u00e0 inerenti all\u2019attivazione dei vari servizi<\/div>\n<div>&#8211; connesse agli obblighi previsti da leggi, da regolamenti e dalla normativa comunitaria nonch\u00e9<\/div>\n<div>da disposizioni impartite da autorit\u00e0 a ci\u00f2 legittimate e da organi di vigilanza e controllo, nonch\u00e9<\/div>\n<div>agli obblighi in materia fiscale e contabile;<\/div>\n<div>La base giuridica del trattamento dei dati personali \u00e8 il suo consenso per le finalit\u00e0 di cui alle lettere<\/div>\n<div>a) e b).<\/div>\n<div>3. Qualora lei ritenga di non fornire il consenso, questo comitato si trover\u00e0 nella necessit\u00e0 di non<\/div>\n<div id=\"yMail_cursorElementTracker_1642341469147\">poter effettuare la prestazione socio assistenziale richiesta.<\/div>\n<div id=\"ymail_android_signature\">\n<div id=\"ymail_android_signature\">4. In relazione alle finalit\u00e0 di cui al punto 2 che precede, il trattamento dei dati da parte del Comitato<\/div>\n<div id=\"ymail_android_signature\">avverr\u00e0 mediante strumenti cartacei, informatici e telematici con logiche strettamente correlate alle<\/div>\n<div id=\"ymail_android_signature\">finalit\u00e0 stesse e, comunque, in modo da garantire la sicurezza degli stessi e sempre in piena<\/div>\n<div id=\"ymail_android_signature\">conformit\u00e0 alla normativa in vigore in materia di protezione dei dati personali.<\/div>\n<div id=\"ymail_android_signature\"><\/div>\n<div id=\"ymail_android_signature\">In particolare la informiamo che i suoi dati sono:<\/div>\n<div id=\"ymail_android_signature\">&#8211; trattati in modo lecito, corretto e trasparente;<\/div>\n<div id=\"ymail_android_signature\">&#8211; raccolti per le finalit\u00e0 sopra determinate, esplicite e legittime, e successivamente trattati in modo<\/div>\n<div id=\"ymail_android_signature\">che non sia incompatibile con tali finalit\u00e0;<\/div>\n<div id=\"ymail_android_signature\">&#8211; adeguati, pertinenti e limitati a quanto necessario rispetto alle finalit\u00e0 per le quali sono trattati<\/div>\n<div id=\"ymail_android_signature\">(\u00abminimizzazione dei dati\u00bb);<\/div>\n<div id=\"ymail_android_signature\">&#8211; esatti e, se necessario, aggiornati, cancellati e\/o rettificati;<\/div>\n<div id=\"ymail_android_signature\">&#8211; conservati in una forma che consenta la sua identificazione per un arco di tempo non superiore al<\/div>\n<div id=\"ymail_android_signature\">conseguimento delle finalit\u00e0 per le quali sono trattati;<\/div>\n<div id=\"ymail_android_signature\">&#8211; trattati in maniera da garantire un&#8217;adeguata sicurezza dei dati personali, compresa la protezione,<\/div>\n<div id=\"ymail_android_signature\">mediante misure tecniche e organizzative adeguate, da trattamenti non autorizzati o illeciti e dalla<\/div>\n<div id=\"ymail_android_signature\">perdita, dalla distruzione o dal danno accidentali.<\/div>\n<div id=\"ymail_android_signature\">Tutti i dati predetti verranno conservati per l\u2019espletamento di tutti gli eventuali adempimenti legislativi,<\/div>\n<div id=\"ymail_android_signature\">per minimo 10 anni dalla cessazione del rapporto con il nostro Comitato e comunque nel rispetto<\/div>\n<div id=\"ymail_android_signature\">degli obblighi di legge relativi ai tempi di conservazione dei dati (accertamenti fiscali e termini di<\/div>\n<div id=\"ymail_android_signature\">prescrizione per l\u2019esercizio dei diritti).<\/div>\n<div id=\"ymail_android_signature\">5. Le categorie dei dati raccolti risultano le seguenti:<\/div>\n<div id=\"ymail_android_signature\">a) dati personali identificativi (anagrafica, codice fiscale, estremi di documenti di identificazione)<\/div>\n<div id=\"ymail_android_signature\">strettamente connessi alla gestione dei rapporti con gli enti e i fornitori (ad esempio assolvimento<\/div>\n<div id=\"ymail_android_signature\">degli obblighi fiscali e contabili, gestione delle attivit\u00e0 e dei servizi erogati sulla base degli<\/div>\n<div id=\"ymail_android_signature\">obblighi derivanti dal rapporto con il Comitato, ecc.)<\/div>\n<div id=\"ymail_android_signature\">b) dati relativi alla salute compreso certificato di invalidit\u00e0 se presente (necessari per l\u2019esecuzione<\/div>\n<div id=\"ymail_android_signature\">delle prestazioni socio assistenziali)<\/div>\n<div id=\"ymail_android_signature\">c) documenti relativi al reddito, allo stato di famiglia e alla disoccupazione (SOLO per l\u2019esecuzione<\/div>\n<div id=\"ymail_android_signature\">di alcune prestazioni)<\/div>\n<div id=\"ymail_android_signature\">\u00c8 inoltre inclusa la categoria dei dati particolari, di cui all\u2019art. 9 del Regolamento UE 2016\/679,<\/div>\n<div id=\"yMail_cursorElementTracker_1642341514503\">esclusivamente per l\u2019espletamento degli obblighi di legge.<\/div>\n<div id=\"yMail_cursorElementTracker_1642341543287\">\n<div id=\"yMail_cursorElementTracker_1642341543287\">6. Al fine di dare esecuzione alle attivit\u00e0, i Suoi dati saranno trattati dai dipendenti del Comitato che<\/div>\n<div id=\"yMail_cursorElementTracker_1642341543287\">hanno accesso agli stessi in ragione delle funzioni svolte (ad esempio Amministrazione, ecc..).<\/div>\n<div id=\"yMail_cursorElementTracker_1642341543287\">Il Comitato potr\u00e0 altres\u00ec comunicare i Suoi dati personali a soggetti terzi impiegati per assicurare la<\/div>\n<div id=\"yMail_cursorElementTracker_1642341543287\">fornitura dei servizi (compresi professionisti esterni) con riferimento ai soli dati strettamente<\/div>\n<div id=\"yMail_cursorElementTracker_1642341543287\">necessari ad assicurare la fornitura dei servizi stessi.<\/div>\n<div id=\"yMail_cursorElementTracker_1642341543287\">Tali soggetti avranno accesso ai dati personali necessari a svolgere le relative funzioni (e non<\/div>\n<div id=\"yMail_cursorElementTracker_1642341543287\">potranno utilizzarli per scopi diversi), saranno tenuti a trattare i dati in conformit\u00e0 con la legge<\/div>\n<div id=\"yMail_cursorElementTracker_1642341543287\">applicabile, saranno responsabili del trattamento incaricati da Croce Rossa Italiana \u2013 Comitato di<\/div>\n<div id=\"yMail_cursorElementTracker_1642341543287\">Moncalieri OdV e saranno inseriti in un elenco aggiornato, disponibile presso il Comitato.<\/div>\n<div id=\"yMail_cursorElementTracker_1642341543287\">Salvo quanto precede, i Suoi dati personali non saranno comunicati ad altri soggetti terzi n\u00e9<\/div>\n<div id=\"yMail_cursorElementTracker_1642341543287\">altrimenti diffusi. I Suoi dati personali saranno conservati nei server a disposizione del Comitato<\/div>\n<div id=\"yMail_cursorElementTracker_1642341543287\">collocati nell\u2019Unione europea, e non verranno in alcun modo trasferiti verso Paesi situati al di fuori<\/div>\n<div id=\"yMail_cursorElementTracker_1642341543287\">dell\u2019Unione Europea.<\/div>\n<div id=\"yMail_cursorElementTracker_1642341543287\">7. Ai sensi degli artt. da 15 a 22 del Regolamento, Lei ha diritto di: a) ottenere la cessazione del<\/div>\n<div id=\"yMail_cursorElementTracker_1642341543287\">trattamento nei casi in cui i Suoi dati personali siano trattati per fini di marketing diretto, anche in<\/div>\n<div id=\"yMail_cursorElementTracker_1642341543287\">relazione a servizi identici a quelli gi\u00e0 erogati dal nostro Comitato (c.d. diritto di opposizione); b)<\/div>\n<div id=\"yMail_cursorElementTracker_1642341543287\">ottenere informazioni in relazione alle finalit\u00e0 per cui i dati personali sono trattati, al periodo del<\/div>\n<div id=\"yMail_cursorElementTracker_1642341543287\">trattamento e ai soggetti cui i dati sono comunicati (c.d. diritto di accesso); c) ottenere la rettifica o<\/div>\n<div id=\"yMail_cursorElementTracker_1642341543287\">integrazione dei dati personali inesatti che La riguardano (c.d. diritto di rettifica); d) ottenere la<\/div>\n<div id=\"yMail_cursorElementTracker_1642341543287\">cancellazione dei dati personali che La riguardano nei seguenti casi (I) i dati non siano pi\u00f9 necessari<\/div>\n<div id=\"yMail_cursorElementTracker_1642341543287\">per le finalit\u00e0 per le quali sono stati raccolti; (II) Lei abbia ritirato il suo consenso al trattamento dei<\/div>\n<div id=\"yMail_cursorElementTracker_1642341543287\">dati qualora essi siano trattati sulla base del Suo consenso; (III) Lei si sia opposto al trattamento dei<\/div>\n<div id=\"yMail_cursorElementTracker_1642341543287\">dati personali che La riguardano nel caso in cui essi siano trattati per un nostro legittimo interesse;<\/div>\n<div id=\"yMail_cursorElementTracker_1642341543287\">o (IV) il trattamento dei Suoi dati personali non sia conforme alla legge. Tuttavia, segnaliamo che la<\/div>\n<div id=\"yMail_cursorElementTracker_1642341543287\">conservazione dei dati personali da parte di Croce Rossa Italiana \u2013 Comitato di Moncalieri OdV \u00e8<\/div>\n<div id=\"yMail_cursorElementTracker_1642341543287\">lecita qualora sia necessaria per consentirle di adempiere un obbligo legale o per accertare,<\/div>\n<div id=\"yMail_cursorElementTracker_1642341543287\">esercitare o difendere un diritto in sede giudiziaria (c.d. diritto di cancellazione); e) ottenere che i dati<\/div>\n<div id=\"yMail_cursorElementTracker_1642341543287\">personali che La riguardano siano solo conservati senza che di essi sia fatto altro uso nei seguenti<\/div>\n<div id=\"yMail_cursorElementTracker_1642341543287\">casi (I) Lei contesti l&#8217;esattezza dei dati personali, per il periodo necessario a consentirci di verificare<\/div>\n<div id=\"yMail_cursorElementTracker_1642341545573\">l&#8217;esattezza di tali dati personali; (II) il trattamento sia illecito ma Lei si opponga comunque alla<\/div>\n<div id=\"yMail_cursorElementTracker_1642341566858\">\n<div id=\"yMail_cursorElementTracker_1642341566858\">cancellazione dei dati personali da parte nostra; (III) i dati personali siano necessari per<\/div>\n<div id=\"yMail_cursorElementTracker_1642341566858\">l&#8217;accertamento, l&#8217;esercizio o la difesa di un diritto in sede giudiziaria; (IV) Lei si sia opposto al<\/div>\n<div id=\"yMail_cursorElementTracker_1642341566858\">trattamento e si sia in attesa della verifica in merito all&#8217;eventuale prevalenza dei nostri motivi legittimi<\/div>\n<div id=\"yMail_cursorElementTracker_1642341566858\">al trattamento rispetto ai Suoi (c.d. diritto di limitazione); f) ricevere in un formato di uso comune,<\/div>\n<div id=\"yMail_cursorElementTracker_1642341566858\">leggibile da dispositivo automatico e interoperabile i dati personali che La riguardano, se essi siano<\/div>\n<div id=\"yMail_cursorElementTracker_1642341566858\">trattati in forza di contratto o sulla base del Suo consenso (c.d. diritto alla portabilit\u00e0).<\/div>\n<div id=\"yMail_cursorElementTracker_1642341566858\">Le ricordiamo infine che Lei ha diritto di rivolgersi al Garante per la Protezione dei Dati Personali<\/div>\n<div id=\"yMail_cursorElementTracker_1642341566858\">(Piazza di Venezia n. 11, 00187 Roma), al fine di far valere i Suoi diritti in relazione al trattamento<\/div>\n<div id=\"yMail_cursorElementTracker_1642341566858\">dei dati personali.<\/div>\n<div id=\"yMail_cursorElementTracker_1642341566858\">8. Il Titolare del trattamento dei suoi dati personali \u00e8 Croce Rossa Italiana \u2013Comitato di Moncalieri<\/div>\n<div id=\"yMail_cursorElementTracker_1642341566858\">OdV con sede in Corso Trieste, 91 \u2013 Moncalieri (TO). Il Titolare del trattamento pu\u00f2 essere contattato<\/div>\n<div id=\"yMail_cursorElementTracker_1642341566858\">per richieste o segnalazioni ai seguenti recapiti <a href=\"mailto:moncalieri@cri.it\">moncalieri@cri.it<\/a><\/div>\n<div id=\"yMail_cursorElementTracker_1642341566858\">Il DPO (Data Protection Officer) \u00e8 l\u2019avv. Monticone Sergio il quale potr\u00e0 essere contattato alla mail<\/div>\n<div id=\"yMail_cursorElementTracker_1642341566858\"><a href=\"mailto:sergio.monticone@avvocatomonticone.it\">sergio.monticone@avvocatomonticone.it<\/a><\/div>\n<div id=\"yMail_cursorElementTracker_1642341566858\">Scrivendo ai medesimi indirizzi, Lei potr\u00e0 esercitare i diritti indicati al paragrafo 7 della presente<\/div>\n<div id=\"yMail_cursorElementTracker_1642341566858\">Informativa.<\/div>\n<div id=\"yMail_cursorElementTracker_1642341566858\">9. Croce Rossa Italiana \u2013 Comitato di Moncalieri OdV utilizza cookie tecnici e di profilazione al fine<\/div>\n<div id=\"yMail_cursorElementTracker_1642341566858\">di raccogliere e accedere alle informazioni memorizzate sul Suo dispositivo. Per maggiori<\/div>\n<div id=\"yMail_cursorElementTracker_1642341570656\">informazioni La invitiamo a visitare l\u2019Informativa estesa sull\u2019utilizzo dei cookie disponibile sul sito.<\/div>\n<\/div>\n<\/div>\n<\/div>\n<div><\/div>\n<div><\/div>\n<div><\/div>\n<div><\/div>\n<div id=\"ymail_android_signature\">\n<div id=\"yMail_cursorElementTracker_1642341543287\">\n<div><\/div>\n<\/div>\n<\/div>\n","protected":false},"excerpt":{"rendered":"<p>INFORMATIVA AI SENSI DELL\u2019ART. 13 DEL REGOLAMENTO (UE) 2016\/679 Gentile Utente, con la presente Croce Rossa Italiana \u2013 Comitato di Moncalieri OdV con sede in Corso Trieste, 91 \u2013 Moncalieri (TO), in qualit\u00e0 di \u201cTitolare\u201d del trattamento La informa sulle modalit\u00e0 di trattamento dei Suoi dati da parte del Comitato [&hellip;]<\/p>\n","protected":false},"author":2,"featured_media":0,"parent":0,"menu_order":0,"comment_status":"closed","ping_status":"closed","template":"","meta":{"give_campaign_id":0,"footnotes":""},"class_list":["post-1052","page","type-page","status-publish","hentry"],"campaignId":"","_links":{"self":[{"href":"https:\/\/www.crimoncalieri.it\/index.php?rest_route=\/wp\/v2\/pages\/1052","targetHints":{"allow":["GET"]}}],"collection":[{"href":"https:\/\/www.crimoncalieri.it\/index.php?rest_route=\/wp\/v2\/pages"}],"about":[{"href":"https:\/\/www.crimoncalieri.it\/index.php?rest_route=\/wp\/v2\/types\/page"}],"author":[{"embeddable":true,"href":"https:\/\/www.crimoncalieri.it\/index.php?rest_route=\/wp\/v2\/users\/2"}],"replies":[{"embeddable":true,"href":"https:\/\/www.crimoncalieri.it\/index.php?rest_route=%2Fwp%2Fv2%2Fcomments&post=1052"}],"version-history":[{"count":5,"href":"https:\/\/www.crimoncalieri.it\/index.php?rest_route=\/wp\/v2\/pages\/1052\/revisions"}],"predecessor-version":[{"id":1063,"href":"https:\/\/www.crimoncalieri.it\/index.php?rest_route=\/wp\/v2\/pages\/1052\/revisions\/1063"}],"wp:attachment":[{"href":"https:\/\/www.crimoncalieri.it\/index.php?rest_route=%2Fwp%2Fv2%2Fmedia&parent=1052"}],"curies":[{"name":"wp","href":"https:\/\/api.w.org\/{rel}","templated":true}]}}