{"id":1100,"date":"2022-09-06T20:00:07","date_gmt":"2022-09-06T18:00:07","guid":{"rendered":"http:\/\/www.crimoncalieri.it\/?page_id=1100"},"modified":"2025-12-21T13:47:14","modified_gmt":"2025-12-21T12:47:14","slug":"corsi-blsd","status":"publish","type":"page","link":"https:\/\/www.crimoncalieri.it\/?page_id=1100","title":{"rendered":"MANOVRE SALVAVITA ADULTO E PEDIATRICO"},"content":{"rendered":"<p>&nbsp;<\/p>\n<p>&nbsp;<\/p>\n<div id=\"attachment_1216\" style=\"width: 1610px\" class=\"wp-caption alignnone\"><img loading=\"lazy\" decoding=\"async\" aria-describedby=\"caption-attachment-1216\" id=\"longdesc-return-1216\" longdesc=\"http:\/\/www.crimoncalieri.it?longdesc=1216&amp;referrer=1100\" src=\"http:\/\/www.crimoncalieri.it\/wp-content\/uploads\/2024\/03\/415B1A1F-0265-4D55-9ECA-A1CCF7423953.png\" alt=\"MANOVRE SALVAVITA\" width=\"1600\" height=\"900\" class=\"size-full wp-image-1216\" tabindex=\"-1\" srcset=\"https:\/\/www.crimoncalieri.it\/wp-content\/uploads\/2024\/03\/415B1A1F-0265-4D55-9ECA-A1CCF7423953.png 1600w, https:\/\/www.crimoncalieri.it\/wp-content\/uploads\/2024\/03\/415B1A1F-0265-4D55-9ECA-A1CCF7423953-300x169.png 300w, https:\/\/www.crimoncalieri.it\/wp-content\/uploads\/2024\/03\/415B1A1F-0265-4D55-9ECA-A1CCF7423953-1024x576.png 1024w, https:\/\/www.crimoncalieri.it\/wp-content\/uploads\/2024\/03\/415B1A1F-0265-4D55-9ECA-A1CCF7423953-768x432.png 768w, https:\/\/www.crimoncalieri.it\/wp-content\/uploads\/2024\/03\/415B1A1F-0265-4D55-9ECA-A1CCF7423953-1536x864.png 1536w\" sizes=\"auto, (max-width: 1600px) 100vw, 1600px\" \/><p id=\"caption-attachment-1216\" class=\"wp-caption-text\">MANOVRE SALVAVITA ADULTO E PEDIATRICO<\/p><\/div>\n<p>&nbsp;<\/p>\n<div><\/div>\n<div>\n<div>I corsi di Manovre Salvavita adulto e pediatrico trattano sia la rianimazione cardiopolmonare con l\u2019utilizzo del defibrillatore che la disostruzione delle vie aeree, sia nel soggetto adulto che nel bambino.<\/div>\n<div>Il nostro Comitato organizza per la popolazione due tipologie di eventi:<\/div>\n<div><\/div>\n<div id=\"m_-286119031186986766yMail_cursorElementTracker_1710182036917\">&#8211; CORSI BLSD, della durata di 4 ore, costo 40\u20ac.<\/div>\n<div>Durante questo evento verranno trattate le manovre di disostruzione delle vie aeree e quelle della rianimazione cardiopolmonare con l&#8217;utilizzo del defibrillatore, sia dal punto di vista teorico che pratico su appositi manichini adulto\/pediatrico. Durante la parte pratica tutti i partecipanti effettueranno tutte le manovre presentate, fino al raggiungimento di una certa sicurezza nell&#8217;esecuzione delle stesse. A fine corso verr\u00e0 poi rilasciato un attestato e si ricever\u00e0 in omaggio un utile gadget. Il pagamento potr\u00e0 essere effettuato anticipatamente tramite bonifico bancario.<\/div>\n<div><\/div>\n<div><\/div>\n<p>&nbsp;<\/p>\n<div id=\"m_-286119031186986766yMail_cursorElementTracker_1710182055678\">&#8211; AGGIORNAMENTI BLSD, della durata di 2 ore,\u00a0 costo 10\u20ac, dedicato a chi \u00e8 gi\u00e0 in possesso del CORSO BLSD da 4h (rilasciato in Regione Piemonte) e deve solo aggiornarsi. Durante questo evento verranno riviste sia le manovre di disostruzione delle vie aeree che quelle della rianimazione cardiopolmonare con l&#8217;utilizzo del defibrillatore. Durante la parte pratica tutti i partecipanti potranno riprovare le manovre su appositi manichini adulto\/pediatrico. A fine aggiornamento verr\u00e0 poi rilasciato l&#8217;attestato di avvenuto retraining. Il pagamento potr\u00e0 essere effettuato anticipatamente tramite bonifico bancario.<\/div>\n<div><\/div>\n<div><\/div>\n<div>Per avere informazioni sui prossimi corsi o aggiornamenti presso la nostra sede consulta il link d&#8217;iscrizione:<span>\u00a0<\/span><a href=\"https:\/\/forms.gle\/AHSfPohUWYSD1VGK8\" target=\"_blank\" data-saferedirecturl=\"https:\/\/www.google.com\/url?q=https:\/\/forms.gle\/AHSfPohUWYSD1VGK8&amp;source=gmail&amp;ust=1710274869953000&amp;usg=AOvVaw0Z3eX5XzljiNxsq8-LhKXD\" rel=\"noopener\">https:\/\/forms.gle\/<wbr \/>AHSfPohUWYSD1VGK8<\/a><span>\u00a0<\/span><\/div>\n<div>(Il link viene attivato non appena vengono programmate nuove date)<\/div>\n<div>oppure invia un a mail a:<span>\u00a0<\/span><a href=\"mailto:moncalieri.formazione@piemonte.cri.it\" target=\"_blank\" rel=\"noopener\">moncalieri.formazione@<wbr \/>piemonte.cri.it<\/a><\/div>\n<\/div>\n","protected":false},"excerpt":{"rendered":"<p>&nbsp; &nbsp; &nbsp; I corsi di Manovre Salvavita adulto e pediatrico trattano sia la rianimazione cardiopolmonare con l\u2019utilizzo del defibrillatore che la disostruzione delle vie aeree, sia nel soggetto adulto che nel bambino. Il nostro Comitato organizza per la popolazione due tipologie di eventi: &#8211; CORSI BLSD, della durata di [&hellip;]<\/p>\n","protected":false},"author":2,"featured_media":1217,"parent":0,"menu_order":0,"comment_status":"closed","ping_status":"closed","template":"","meta":{"give_campaign_id":0,"footnotes":""},"class_list":["post-1100","page","type-page","status-publish","has-post-thumbnail","hentry"],"campaignId":"","_links":{"self":[{"href":"https:\/\/www.crimoncalieri.it\/index.php?rest_route=\/wp\/v2\/pages\/1100","targetHints":{"allow":["GET"]}}],"collection":[{"href":"https:\/\/www.crimoncalieri.it\/index.php?rest_route=\/wp\/v2\/pages"}],"about":[{"href":"https:\/\/www.crimoncalieri.it\/index.php?rest_route=\/wp\/v2\/types\/page"}],"author":[{"embeddable":true,"href":"https:\/\/www.crimoncalieri.it\/index.php?rest_route=\/wp\/v2\/users\/2"}],"replies":[{"embeddable":true,"href":"https:\/\/www.crimoncalieri.it\/index.php?rest_route=%2Fwp%2Fv2%2Fcomments&post=1100"}],"version-history":[{"count":12,"href":"https:\/\/www.crimoncalieri.it\/index.php?rest_route=\/wp\/v2\/pages\/1100\/revisions"}],"predecessor-version":[{"id":1556,"href":"https:\/\/www.crimoncalieri.it\/index.php?rest_route=\/wp\/v2\/pages\/1100\/revisions\/1556"}],"wp:featuredmedia":[{"embeddable":true,"href":"https:\/\/www.crimoncalieri.it\/index.php?rest_route=\/wp\/v2\/media\/1217"}],"wp:attachment":[{"href":"https:\/\/www.crimoncalieri.it\/index.php?rest_route=%2Fwp%2Fv2%2Fmedia&parent=1100"}],"curies":[{"name":"wp","href":"https:\/\/api.w.org\/{rel}","templated":true}]}}