{"id":1426,"date":"2025-11-08T09:47:22","date_gmt":"2025-11-08T08:47:22","guid":{"rendered":"http:\/\/www.crimoncalieri.it\/?page_id=1426"},"modified":"2025-11-08T09:47:22","modified_gmt":"2025-11-08T08:47:22","slug":"raccolta-fondi-area-oes","status":"publish","type":"page","link":"https:\/\/www.crimoncalieri.it\/?page_id=1426","title":{"rendered":"RACCOLTA FONDI AREA OES"},"content":{"rendered":"<div id=\"attachment_1427\" style=\"width: 1010px\" class=\"wp-caption alignnone\"><img loading=\"lazy\" decoding=\"async\" aria-describedby=\"caption-attachment-1427\" src=\"http:\/\/www.crimoncalieri.it\/wp-content\/uploads\/2025\/10\/81DCD55C-A6C5-4F55-B31A-17DB02CFF037.jpeg\" alt=\"Volontari impegnati nel soccorso alla popolazione\" width=\"1000\" height=\"600\" class=\"size-full wp-image-1427\" srcset=\"https:\/\/www.crimoncalieri.it\/wp-content\/uploads\/2025\/10\/81DCD55C-A6C5-4F55-B31A-17DB02CFF037.jpeg 1000w, https:\/\/www.crimoncalieri.it\/wp-content\/uploads\/2025\/10\/81DCD55C-A6C5-4F55-B31A-17DB02CFF037-300x180.jpeg 300w, https:\/\/www.crimoncalieri.it\/wp-content\/uploads\/2025\/10\/81DCD55C-A6C5-4F55-B31A-17DB02CFF037-768x461.jpeg 768w\" sizes=\"auto, (max-width: 1000px) 100vw, 1000px\" \/><p id=\"caption-attachment-1427\" class=\"wp-caption-text\">Volontari impegnati nel soccorso alla popolazione<\/p><\/div>\n<h1><strong>AIUTACI A INTERVENIRE\u00a0 QUANDO OGNI MINUTO CONTA<\/strong><\/h1>\n<p>Stiamo raccogliendo fondi per acquistare nuove attrezzature per l&#8217;Area Operazioni Emergenza e Soccorsi del nostro Comitato. Il tuo aiuto oggi pu\u00f2 fare la differenza nella prossima emergenza.<\/p>\n<div id=\"paypal-container-9W6S9PDC8V9F6\">\n<h2><strong>Perch\u00e9 oggi abbiamo bisogno di te<\/strong><\/h2>\n<p data-start=\"1057\" data-end=\"1313\">Quando un\u2019alluvione o un\u2019emergenza colpisce il nostro territorio, i volontari dell\u2019Area OES della Croce Rossa sono tra i primi ad arrivare.<br data-start=\"1214\" data-end=\"1217\" \/>Montiamo tende, illuminiamo zone al buio, pompiamo via l\u2019acqua e portiamo assistenza dove serve.<\/p>\n<p data-start=\"1057\" data-end=\"1313\">Essere pronti significa salvare vite, ridurre i danni, garantire sicurezza ai cittadini e alla comunit\u00e0.<\/p>\n<p data-start=\"1315\" data-end=\"1514\">Per poterlo fare efficacemente e in tempi rapidi, abbiamo bisogno di attrezzature aggiornate e funzionanti.<\/p>\n<p data-start=\"1725\" data-end=\"1870\">Alcune delle nostre dotazioni necessitano di essere sostituite, altre semplicemente mancano.<\/p>\n<p data-start=\"1315\" data-end=\"1514\">Con il tuo aiuto, possiamo essere pronti <strong data-start=\"1471\" data-end=\"1480\">prima<\/strong> che arrivi la prossima emergenza.<\/p>\n<\/div>\n<div class='root-data-givewp-embed' data-form-locale='it_IT' data-form-url='https:\/\/www.crimoncalieri.it\/?post_type=give_forms&#038;p=1483' data-form-view-url='https:\/\/www.crimoncalieri.it\/?givewp-route=donation-form-view&form-id=1483' data-src='https:\/\/www.crimoncalieri.it\/?givewp-route=donation-form-view&form-id=1483' data-givewp-embed-id='give-form-shortcode-1' data-form-format='' data-open-form-button='Dona ora' style='--givewp-primary-color: #cc1818; --givewp-secondary-color: #27ae60;'><\/div>\n<div id=\"paypal-container-9W6S9PDC8V9F6\">\n<p data-start=\"1315\" data-end=\"1514\">Puoi decidere di sostenerci anche tramite <strong>BONIFICO BANCARIO:<\/strong><\/p>\n<p><strong>Croce Rossa Italiana &#8211; Comitato di Moncalieri OdV<\/strong><\/p>\n<p><strong>IBAN : IT 35 E06170 20000 000001548167<\/strong><\/p>\n<p><strong>CAUSALE: Raccolti fondi Area OES &#8211; OGNI MINUTO CONTA<\/strong><\/p>\n<\/div>\n<h3 data-start=\"1712\" data-end=\"1729\"><strong data-start=\"1712\" data-end=\"1727\">COSA FINANZIERAI CONCRETAMENTE<\/strong><\/h3>\n<p data-start=\"1762\" data-end=\"1904\">Ogni euro donato verr\u00e0 utilizzato esclusivamente per acquistare nuove attrezzature per l\u2019Area OES del nostro Comitato, e in particolare:<\/p>\n<div id=\"attachment_1467\" style=\"width: 1026px\" class=\"wp-caption aligncenter\"><img loading=\"lazy\" decoding=\"async\" aria-describedby=\"caption-attachment-1467\" src=\"http:\/\/www.crimoncalieri.it\/wp-content\/uploads\/2025\/11\/E1CF3B39-E1CD-49FC-B6D5-4ED82722A38C_1_201_a.jpeg\" alt=\"Rimorchio con motopompe idrovore\" width=\"1016\" height=\"656\" class=\"wp-image-1467 size-full\" srcset=\"https:\/\/www.crimoncalieri.it\/wp-content\/uploads\/2025\/11\/E1CF3B39-E1CD-49FC-B6D5-4ED82722A38C_1_201_a.jpeg 1016w, https:\/\/www.crimoncalieri.it\/wp-content\/uploads\/2025\/11\/E1CF3B39-E1CD-49FC-B6D5-4ED82722A38C_1_201_a-300x194.jpeg 300w, https:\/\/www.crimoncalieri.it\/wp-content\/uploads\/2025\/11\/E1CF3B39-E1CD-49FC-B6D5-4ED82722A38C_1_201_a-768x496.jpeg 768w\" sizes=\"auto, (max-width: 1016px) 100vw, 1016px\" \/><p id=\"caption-attachment-1467\" class=\"wp-caption-text\">Rimorchio con motopompe idrovore<\/p><\/div>\n<h5 style=\"text-align: center;\"><strong>RIMORCHIO CON DUE MOTOPOMPE IDROVORE<\/strong><\/h5>\n<p>Un\u2019idrovora \u00e8 un macchinario utilizzato per aspirare e spostare grandi quantit\u00e0 di acqua da un luogo all\u2019altro, solitamente da zone a rischio di allagamento verso canali di scolo, fiumi o altri bacini di raccolta. Il suo scopo principale \u00e8 <strong data-start=\"218\" data-end=\"255\">prevenire o risolvere allagamenti<\/strong>, soprattutto in aree soggette a inondazioni o con un livello del terreno inferiore rispetto al livello dell&#8217;acqua circostante.<\/p>\n<p><img loading=\"lazy\" decoding=\"async\" src=\"http:\/\/www.crimoncalieri.it\/wp-content\/uploads\/2025\/10\/IMG-20250324-WA0051-1024x768.jpg\" alt=\"rimorchio con idrovora\" width=\"750\" height=\"563\" class=\"wp-image-1429 size-large\" srcset=\"https:\/\/www.crimoncalieri.it\/wp-content\/uploads\/2025\/10\/IMG-20250324-WA0051-1024x768.jpg 1024w, https:\/\/www.crimoncalieri.it\/wp-content\/uploads\/2025\/10\/IMG-20250324-WA0051-300x225.jpg 300w, https:\/\/www.crimoncalieri.it\/wp-content\/uploads\/2025\/10\/IMG-20250324-WA0051-768x576.jpg 768w, https:\/\/www.crimoncalieri.it\/wp-content\/uploads\/2025\/10\/IMG-20250324-WA0051-1536x1153.jpg 1536w, https:\/\/www.crimoncalieri.it\/wp-content\/uploads\/2025\/10\/IMG-20250324-WA0051.jpg 1599w\" sizes=\"auto, (max-width: 750px) 100vw, 750px\" \/>esempio di rimorchio con idrovora<\/p>\n<p data-start=\"624\" data-end=\"749\" data-is-last-node=\"\" data-is-only-node=\"\"><span style=\"font-size: 18px;\">In caso di alluvioni o allagamenti le idrovore sono fondamentali perch\u00e8:<\/span><\/p>\n<ul>\n<li><strong>rimuovono rapidamente l&#8217;acqua stagnante<\/strong>, riducendo i danni a edifici, infrastrutture e colture;<\/li>\n<li><strong>favoriscono il drenaggio del terreno<\/strong>, accelerando il ritorno alla normalit\u00e0;<\/li>\n<li><strong>evitano il ristagno<\/strong> che pu\u00f2 causare cedimenti o contaminazioni.<\/li>\n<\/ul>\n<p>Sono quindi strumenti essenziali nei piani di emergenza in particolari in territori che presentano zone a rischio idrogeologico accertato.<\/p>\n<p><strong>VALORE STIMATO \u20ac28000<\/strong><\/p>\n<h5 style=\"text-align: center;\"><strong>CARRELLO ALLUVIONALE PER TRASPORTO GOMMONE<\/strong><\/h5>\n<div id=\"attachment_1439\" style=\"width: 1389px\" class=\"wp-caption alignnone\"><img loading=\"lazy\" decoding=\"async\" aria-describedby=\"caption-attachment-1439\" src=\"http:\/\/www.crimoncalieri.it\/wp-content\/uploads\/2025\/10\/CE6DA46F-6511-4219-959A-60DFE30141C5_1_201_a.jpeg\" alt=\"carrello porta gommone\" width=\"1379\" height=\"851\" class=\"size-full wp-image-1439\" srcset=\"https:\/\/www.crimoncalieri.it\/wp-content\/uploads\/2025\/10\/CE6DA46F-6511-4219-959A-60DFE30141C5_1_201_a.jpeg 1379w, https:\/\/www.crimoncalieri.it\/wp-content\/uploads\/2025\/10\/CE6DA46F-6511-4219-959A-60DFE30141C5_1_201_a-300x185.jpeg 300w, https:\/\/www.crimoncalieri.it\/wp-content\/uploads\/2025\/10\/CE6DA46F-6511-4219-959A-60DFE30141C5_1_201_a-1024x632.jpeg 1024w, https:\/\/www.crimoncalieri.it\/wp-content\/uploads\/2025\/10\/CE6DA46F-6511-4219-959A-60DFE30141C5_1_201_a-768x474.jpeg 768w\" sizes=\"auto, (max-width: 1379px) 100vw, 1379px\" \/><p id=\"caption-attachment-1439\" class=\"wp-caption-text\">carrello alluvionale per trasporto gommone<\/p><\/div>\n<p>Si tratta di un rimorchio\/carrello speciale, progettato per il traino su strada e per il varo rapido di un gommone di soccorso.<\/p>\n<p style=\"text-align: center;\"><strong>LA SUA UTILIT\u00c0 IN EMERGENZA<\/strong><\/p>\n<ul>\n<li>Garantisce<strong> pronta disponibilit\u00e0<\/strong> di impiego sul territorio di Moncalieri.<\/li>\n<li data-start=\"1328\" data-end=\"1469\"><strong>Riduce i tempi di intervento<\/strong> poich\u00e8 il gommone \u00e8 \u2060immediatamente usabile in quanto si trasporta gi\u00e0 gonfio sopra il carrello .<\/li>\n<li data-start=\"1472\" data-end=\"1636\">Permette di <strong data-start=\"1484\" data-end=\"1524\">trasportare il mezzo anche su strada<\/strong> fino al punto di immissione in acqua, offrendo flessibilit\u00e0 operativa tra strade accessibili e zone allagate.<\/li>\n<li data-start=\"1472\" data-end=\"1636\">La parte chiusa del carrello permette il trasporto degli accessori del gommone (pagaie, gonfiatori, etc.) e dell\u2019attrezzatura necessaria agli operatori per intervenire in sicurezza (salvagenti, caschetti, idrocostumi, etc.)<\/li>\n<\/ul>\n<p data-start=\"1639\" data-end=\"1851\">In poche parole supporta\u00a0 in modo ottimale l\u2019attivit\u00e0 di soccorso in scenari dove vi \u00e8 acqua in movimento o superfici allagate: trasportare e usare il gommone consente di raggiungere persone isolate, evacuare, portare generi di prima necessit\u00e0.<\/p>\n<p data-start=\"1639\" data-end=\"1851\"><strong>VALORE STIMATO \u20ac14000<\/strong><\/p>\n<p data-start=\"1639\" data-end=\"1851\"><strong>CHI RICEVER\u00c0 I FONDI<\/strong><\/p>\n<p data-start=\"3515\" data-end=\"3708\">Questa raccolta \u00e8 promossa dal <strong>COMITATO DI MONCALIERI DI CROCE ROSSA ITALIANA.<\/strong><br data-start=\"3614\" data-end=\"3617\" \/>I fondi saranno destinati esclusivamente all\u2019acquisto di attrezzature per l\u2019Area Operazioni Emergenza e Soccorsi.<\/p>\n<p data-start=\"3710\" data-end=\"3871\">Operiamo con volontari formati, in coordinamento con la Protezione Civile e le autorit\u00e0 locali, per garantire interventi tempestivi e sicuri in caso di calamit\u00e0.<\/p>\n<p data-start=\"3873\" data-end=\"3922\"><strong data-start=\"3873\" data-end=\"3922\">Per garantire la trasparenza della raccolta fondi<\/strong><\/p>\n<ul>\n<li data-start=\"3925\" data-end=\"3975\">\u00a0Ogni acquisto sar\u00e0 <strong>rendicontato pubblicamente.<\/strong><\/li>\n<li>\u00a0Pubblicheremo <strong>documentazione<\/strong> sull\u2019attrezzatura acquistata<\/li>\n<\/ul>\n<p>Se supereremo l\u2019obiettivo, i fondi extra verranno reinvestiti per potenziare il settore, rendendo pubblici tempestivamente gli aggiornamenti. Allo stesso modo, qualora gli obiettivi non dovessero essere raggiunti, si dar\u00e0 priorit\u00e0 al progetto pi\u00f9 probabilmente perseguibile. Se i fondi fossero comunque insufficienti al raggiungimento di anche solo di uno degli obiettivi, saranno comunque utilizzati a reintegro di materiale dedicato al soccorso di persone in caso di evento avverso. Anche in questo caso ogni passo sar\u00e0 documentato.<\/p>\n<p data-start=\"5709\" data-end=\"6001\"><div class='root-data-givewp-embed' data-form-locale='it_IT' data-form-url='https:\/\/www.crimoncalieri.it\/?post_type=give_forms&#038;p=1483' data-form-view-url='https:\/\/www.crimoncalieri.it\/?givewp-route=donation-form-view&form-id=1483' data-src='https:\/\/www.crimoncalieri.it\/?givewp-route=donation-form-view&form-id=1483' data-givewp-embed-id='give-form-shortcode-2' data-form-format='' data-open-form-button='Dona ora' style='--givewp-primary-color: #cc1818; --givewp-secondary-color: #27ae60;'><\/div><br \/>\nPuoi decidere di sostenerci anche tramite <strong>BONIFICO BANCARIO:<\/strong><\/p>\n<p><strong>Croce Rossa Italiana &#8211; Comitato di Moncalieri OdV<\/strong><\/p>\n<p><strong>IBAN : IT 35 E06170 20000 000001548167<\/strong><\/p>\n<p><strong>CAUSALE: Raccolti fondi Area OES &#8211; OGNI MINUTO CONTA<\/strong><\/p>\n<p>&nbsp;<\/p>\n<p>&nbsp;<\/p>\n<p style=\"text-align: center;\"><strong> <\/strong><\/p>\n<p>&nbsp;<\/p>\n<p>&nbsp;<\/p>\n<p>&nbsp;<\/p>\n<div id=\"paypal-container-9W6S9PDC8V9F6\">\n<p>&nbsp;<\/p>\n<p>&nbsp;<\/p>\n<p>&nbsp;<\/p>\n<p>&nbsp;<\/p>\n<p>&nbsp;<\/p>\n<p>&nbsp;<\/p>\n<p>&nbsp;<\/p>\n<p>&nbsp;<\/p>\n<p>&nbsp;<\/p>\n<p>&nbsp;<\/p>\n<p>&nbsp;<\/p>\n<p>&nbsp;<\/p>\n<p>&nbsp;<\/p>\n<p>&nbsp;<\/p>\n<p>&nbsp;<\/p>\n<p>&nbsp;<\/p>\n<p>&nbsp;<\/p>\n<p>&nbsp;<\/p>\n<p>&nbsp;<\/p>\n<p>&nbsp;<\/p>\n<p>&nbsp;<\/p>\n<p>&nbsp;<\/p>\n<p>&nbsp;<\/p>\n<p>&nbsp;<\/p>\n<p>&nbsp;<\/p>\n<\/div>\n","protected":false},"excerpt":{"rendered":"<p>AIUTACI A INTERVENIRE\u00a0 QUANDO OGNI MINUTO CONTA Stiamo raccogliendo fondi per acquistare nuove attrezzature per l&#8217;Area Operazioni Emergenza e Soccorsi del nostro Comitato. Il tuo aiuto oggi pu\u00f2 fare la differenza nella prossima emergenza. Perch\u00e9 oggi abbiamo bisogno di te Quando un\u2019alluvione o un\u2019emergenza colpisce il nostro territorio, i volontari [&hellip;]<\/p>\n","protected":false},"author":2,"featured_media":1435,"parent":0,"menu_order":0,"comment_status":"closed","ping_status":"closed","template":"","meta":{"give_campaign_id":0,"footnotes":""},"class_list":["post-1426","page","type-page","status-publish","has-post-thumbnail","hentry"],"campaignId":"","_links":{"self":[{"href":"https:\/\/www.crimoncalieri.it\/index.php?rest_route=\/wp\/v2\/pages\/1426","targetHints":{"allow":["GET"]}}],"collection":[{"href":"https:\/\/www.crimoncalieri.it\/index.php?rest_route=\/wp\/v2\/pages"}],"about":[{"href":"https:\/\/www.crimoncalieri.it\/index.php?rest_route=\/wp\/v2\/types\/page"}],"author":[{"embeddable":true,"href":"https:\/\/www.crimoncalieri.it\/index.php?rest_route=\/wp\/v2\/users\/2"}],"replies":[{"embeddable":true,"href":"https:\/\/www.crimoncalieri.it\/index.php?rest_route=%2Fwp%2Fv2%2Fcomments&post=1426"}],"version-history":[{"count":26,"href":"https:\/\/www.crimoncalieri.it\/index.php?rest_route=\/wp\/v2\/pages\/1426\/revisions"}],"predecessor-version":[{"id":1521,"href":"https:\/\/www.crimoncalieri.it\/index.php?rest_route=\/wp\/v2\/pages\/1426\/revisions\/1521"}],"wp:featuredmedia":[{"embeddable":true,"href":"https:\/\/www.crimoncalieri.it\/index.php?rest_route=\/wp\/v2\/media\/1435"}],"wp:attachment":[{"href":"https:\/\/www.crimoncalieri.it\/index.php?rest_route=%2Fwp%2Fv2%2Fmedia&parent=1426"}],"curies":[{"name":"wp","href":"https:\/\/api.w.org\/{rel}","templated":true}]}}