{"id":688,"date":"2021-06-11T17:50:05","date_gmt":"2021-06-11T15:50:05","guid":{"rendered":"http:\/\/192.168.254.16\/?page_id=688"},"modified":"2024-11-10T17:44:21","modified_gmt":"2024-11-10T16:44:21","slug":"cri-moncalieri-la-nostra-storia","status":"publish","type":"page","link":"https:\/\/www.crimoncalieri.it\/?page_id=688","title":{"rendered":"CRI Moncalieri: la nostra storia"},"content":{"rendered":"<p>Il <strong>5 novembre 1974<\/strong>, dalle ore 8:00 alle 20:00, l\u2019Ospedale Civile S. Croce di Moncalieri inaugura per la prima volta una postazione di ambulanza presso la propria sede. L\u2019iniziativa \u00e8 frutto della dedizione di <strong>Guido Gonella<\/strong>, supportato da un gruppo di volontari della delegazione della <strong>Croce Rossa Italiana di Beinasco<\/strong>. Sebbene il servizio sia limitato a pochi mesi, diventa evidente la necessit\u00e0 di stabilizzare e strutturare il progetto, per garantire alla popolazione moncalierese un&#8217;assistenza costante ed efficace.<\/p>\n<p>Il 23 settembre 1977 segna una tappa fondamentale: con il sostegno dell\u2019allora assessore alla sanit\u00e0 di Moncalieri, <strong>Mariano Piro<\/strong>, nasce il primo gruppo di volontari della <strong>Croce Rossa Italiana di Moncalieri<\/strong>, con sede nella storica ubicazione di Viale Stazione. L&#8217;iniziativa porta con s\u00e9 l&#8217;entusiasmo delle novit\u00e0 e la determinazione di chi vuole costruire un futuro pi\u00f9 sicuro per la comunit\u00e0.<\/p>\n<p>Inizialmente concentrati sul servizio di soccorso urgente e trasporto infermi, i volontari CRI di Moncalieri ampliano presto il loro raggio d&#8217;azione, abbracciando nuove aree d\u2019intervento. Gli anni seguenti sono ricchi di impegno e crescita, con figure chiave come <strong>Ignazio Lamberti<\/strong>, <strong>Lucia Moretta<\/strong>, <strong>Mariano Piro<\/strong>, <strong>Andrea Pompeo<\/strong>, e i dottori <strong>De Bernardi<\/strong>, <strong>Fava<\/strong>, <strong>Pagliaro<\/strong> e <strong>D\u2019Alessandro<\/strong>. Ogni volontario, con dedizione e generosit\u00e0, contribuisce passo dopo passo a costruire ci\u00f2 che oggi \u00e8 la CRI Moncalieri.<\/p>\n<p>Una tappa storica arriva nel <strong>1992<\/strong>, quando la Croce Rossa di Moncalieri si trasferisce nella nuova e attuale sede di <strong>Corso Trieste 91<\/strong>, un quartier generale che diventer\u00e0 simbolo di efficienza e impegno per la comunit\u00e0.<\/p>\n<p>Al timone dell\u2019organizzazione rimane il fondatore <strong>Cavaliere Guido Gonella<\/strong> fino a febbraio 2020, quando il nuovo Presidente <strong>Alessandro Cogno<\/strong>, insieme al suo Consiglio Direttivo composto da <strong>Silvia Bellinvia<\/strong>, <strong>Daniele Borotto Dalla Vecchia<\/strong>, <strong>Marco Sigaudo<\/strong> e <strong>Daniela Novello<\/strong>, si trova immediatamente in prima linea a fronteggiare l&#8217;emergenza della pandemia da <strong>Covid-19<\/strong>. Nelle recenti elezioni riconfermato Presidente <strong>Alessandro Cogno\u00a0<\/strong>con i consiglieri\u00a0<strong>Marco Ferrero, Daniele Borotto Dalla Vecchia, Cristina Franchino e Marianna Bastianelli.\u00a0<\/strong><\/p>\n","protected":false},"excerpt":{"rendered":"<p>Il 5 novembre 1974, dalle ore 8:00 alle 20:00, l\u2019Ospedale Civile S. Croce di Moncalieri inaugura per la prima volta una postazione di ambulanza presso la propria sede. L\u2019iniziativa \u00e8 frutto della dedizione di Guido Gonella, supportato da un gruppo di volontari della delegazione della Croce Rossa Italiana di Beinasco. [&hellip;]<\/p>\n","protected":false},"author":1,"featured_media":939,"parent":0,"menu_order":0,"comment_status":"closed","ping_status":"closed","template":"","meta":{"give_campaign_id":0,"footnotes":""},"class_list":["post-688","page","type-page","status-publish","has-post-thumbnail","hentry"],"campaignId":"","_links":{"self":[{"href":"https:\/\/www.crimoncalieri.it\/index.php?rest_route=\/wp\/v2\/pages\/688","targetHints":{"allow":["GET"]}}],"collection":[{"href":"https:\/\/www.crimoncalieri.it\/index.php?rest_route=\/wp\/v2\/pages"}],"about":[{"href":"https:\/\/www.crimoncalieri.it\/index.php?rest_route=\/wp\/v2\/types\/page"}],"author":[{"embeddable":true,"href":"https:\/\/www.crimoncalieri.it\/index.php?rest_route=\/wp\/v2\/users\/1"}],"replies":[{"embeddable":true,"href":"https:\/\/www.crimoncalieri.it\/index.php?rest_route=%2Fwp%2Fv2%2Fcomments&post=688"}],"version-history":[{"count":11,"href":"https:\/\/www.crimoncalieri.it\/index.php?rest_route=\/wp\/v2\/pages\/688\/revisions"}],"predecessor-version":[{"id":1361,"href":"https:\/\/www.crimoncalieri.it\/index.php?rest_route=\/wp\/v2\/pages\/688\/revisions\/1361"}],"wp:featuredmedia":[{"embeddable":true,"href":"https:\/\/www.crimoncalieri.it\/index.php?rest_route=\/wp\/v2\/media\/939"}],"wp:attachment":[{"href":"https:\/\/www.crimoncalieri.it\/index.php?rest_route=%2Fwp%2Fv2%2Fmedia&parent=688"}],"curies":[{"name":"wp","href":"https:\/\/api.w.org\/{rel}","templated":true}]}}