{"id":751,"date":"2021-06-14T13:42:13","date_gmt":"2021-06-14T11:42:13","guid":{"rendered":"http:\/\/192.168.254.16\/?page_id=751"},"modified":"2025-01-20T13:08:01","modified_gmt":"2025-01-20T12:08:01","slug":"tutela-della-salute","status":"publish","type":"page","link":"https:\/\/www.crimoncalieri.it\/?page_id=751","title":{"rendered":"Tutela della salute"},"content":{"rendered":"<p>Al centro dell&#8217;attivit\u00e0 di carattere sanitario si pone la tutela della vita e della salute, che esprimiamo attraverso una moltitudine di progetti.<br \/>\nIniziando dal soccorso sanitario 118, che a Moncalieri vede impiegata un&#8217;ambulanza di Soccorso Avanzato di Base attiva H24, un&#8217;ambulanza di Base garantita dalle h.8 alle h.20 dal luned\u00ec al mercoled\u00ec pi\u00f9 una serie di ambulanze di Base estemporanee, ossia disponibili in modo non continuativo ma comunque frequente.<br \/>\nOltre al servizio di emergenza quello altrettanto prezioso del trasporto infermi,<br \/>\nche prevede la possibilit\u00e0 anche da parte di privati di prenotare un trasporto in ambulanza per persone che hanno bisogno di utilizzare presidi specifici, come barelle o carrozzine, o in caso di dimissioni ospedaliere o trasporto tra strutture diverse. Oppure ancora servizi di andata e ritorno presso centri dialisi o strutture ospedaliere di pazienti che necessitano di accompagnamento regolare.<br \/>\nAnche la formazione dei volontari \u00e8 un aspetto importante di questo settore e si esplica attraverso l&#8217;attivazione di corsi teorico\/pratici con esame finale seguito da un periodo di tirocinio in affiancamento.<br \/>\nInfine obiettivo di quest&#8217;area di azione l&#8217;educazione ai corretti stili di vita, alla promozione di pratiche utili all&#8217;intera comunit\u00e0 come ad esempio la donazione di sangue, la diffusione capillare della conoscenza del Primo Soccorso. In tal senso attiviamo regolarmente corsi rivolti sia alle aziende, secondo il D.Lgs. 81\/2008\u00a0 e tenuti da personale medico, che alla popolazione laica che pu\u00f2 imparare BLS, BLSD e manovre salvavita utili per chiunque si trovi a fronteggiare situazioni di emergenza nella vita di tutti i giorni.<\/p>\n<p>Per info sui corsi puoi contattarci qui:<\/p>\n<p><a href=\"mailto:moncalieri.formazione@piemonte.cri.it\">moncalieri.formazione@piemonte.cri.it<\/a><\/p>\n<p>SONO ORA ATTIVI I CORSI DI MANOVRE SALVAVITA PEDIATRICHE, iscriviti al link:<\/p>\n<p><a href=\"https:\/\/forms.gle\/CDd4HrZZSQezesep8\">MSP nuovi corsi iscriviti<\/a><\/p>\n<p>Per info in dettaglio:<\/p>\n<p><a href=\"moncalieri.msp@piemonte.cri.it\">moncalieri.msp@piemonte.cri.it<\/a><\/p>\n","protected":false},"excerpt":{"rendered":"<p>Al centro dell&#8217;attivit\u00e0 di carattere sanitario si pone la tutela della vita e della salute, che esprimiamo attraverso una moltitudine di progetti. Iniziando dal soccorso sanitario 118, che a Moncalieri vede impiegata un&#8217;ambulanza di Soccorso Avanzato di Base attiva H24, un&#8217;ambulanza di Base garantita dalle h.8 alle h.20 dal luned\u00ec [&hellip;]<\/p>\n","protected":false},"author":1,"featured_media":785,"parent":0,"menu_order":0,"comment_status":"closed","ping_status":"closed","template":"","meta":{"give_campaign_id":0,"footnotes":""},"class_list":["post-751","page","type-page","status-publish","has-post-thumbnail","hentry"],"campaignId":"","_links":{"self":[{"href":"https:\/\/www.crimoncalieri.it\/index.php?rest_route=\/wp\/v2\/pages\/751","targetHints":{"allow":["GET"]}}],"collection":[{"href":"https:\/\/www.crimoncalieri.it\/index.php?rest_route=\/wp\/v2\/pages"}],"about":[{"href":"https:\/\/www.crimoncalieri.it\/index.php?rest_route=\/wp\/v2\/types\/page"}],"author":[{"embeddable":true,"href":"https:\/\/www.crimoncalieri.it\/index.php?rest_route=\/wp\/v2\/users\/1"}],"replies":[{"embeddable":true,"href":"https:\/\/www.crimoncalieri.it\/index.php?rest_route=%2Fwp%2Fv2%2Fcomments&post=751"}],"version-history":[{"count":12,"href":"https:\/\/www.crimoncalieri.it\/index.php?rest_route=\/wp\/v2\/pages\/751\/revisions"}],"predecessor-version":[{"id":1381,"href":"https:\/\/www.crimoncalieri.it\/index.php?rest_route=\/wp\/v2\/pages\/751\/revisions\/1381"}],"wp:featuredmedia":[{"embeddable":true,"href":"https:\/\/www.crimoncalieri.it\/index.php?rest_route=\/wp\/v2\/media\/785"}],"wp:attachment":[{"href":"https:\/\/www.crimoncalieri.it\/index.php?rest_route=%2Fwp%2Fv2%2Fmedia&parent=751"}],"curies":[{"name":"wp","href":"https:\/\/api.w.org\/{rel}","templated":true}]}}