{"id":758,"date":"2021-06-14T13:51:51","date_gmt":"2021-06-14T11:51:51","guid":{"rendered":"http:\/\/192.168.254.16\/?page_id=758"},"modified":"2025-01-20T13:18:22","modified_gmt":"2025-01-20T12:18:22","slug":"risposta-alle-emergenze","status":"publish","type":"page","link":"https:\/\/www.crimoncalieri.it\/?page_id=758","title":{"rendered":"Risposta alle Emergenze"},"content":{"rendered":"<p>Rispondere alle emergenze in modo incisivo presuppone un lavoro su pi\u00f9 piani.<br \/>\nDa un lato la preparazione del personale preposto, attraverso corsi di formazione e attivit\u00e0 di mantenimento della stessa.<br \/>\nDall&#8217;altro informando ed educando la comunit\u00e0 alle azioni corrette da compiere in caso di situazioni critiche, e ancora svolgendo un lavoro di prevenzione che consenta di prendere misure adeguate per tempo e ridurre l&#8217;impatto di eventuali calamit\u00e0.<br \/>\nCRI Moncalieri in questo senso \u00e8 particolarmente attiva e include i nuclei:<\/p>\n<ul>\n<li>OPSA ( Operatori Polivalenti di Salvataggio in Acqua)<\/li>\n<li>SMTS ( Soccorsi con Mezzi e Tecniche Speciali)<\/li>\n<li>Operatori Soccorso Piste da Sci.<\/li>\n<\/ul>\n<p>Durante l&#8217;emergenza Covid 19 sono stati inoltre predisposti numerosi servizi\u00a0 a sostegno della popolazione, dalla consegna a domicilio di spesa e farmaci, all&#8217;accompagnamento presso i poli vaccinali di persone con problemi di mobilit\u00e0, alla collaborazione alla gestione degli utenti presso il principale Hub vaccinale di Moncalieri (Palavaccini).<br \/>\nCRI Moncalieri si \u00e8 messa a disposizione della comunit\u00e0 per rispondere alla vocazione principale del servizio di Croce Rossa, quella umanitaria, credendo fermamente nel valore immenso dei piccolissimi gesti.<\/p>\n","protected":false},"excerpt":{"rendered":"<p>Rispondere alle emergenze in modo incisivo presuppone un lavoro su pi\u00f9 piani. Da un lato la preparazione del personale preposto, attraverso corsi di formazione e attivit\u00e0 di mantenimento della stessa. Dall&#8217;altro informando ed educando la comunit\u00e0 alle azioni corrette da compiere in caso di situazioni critiche, e ancora svolgendo un [&hellip;]<\/p>\n","protected":false},"author":1,"featured_media":946,"parent":0,"menu_order":0,"comment_status":"closed","ping_status":"closed","template":"","meta":{"give_campaign_id":0,"footnotes":""},"class_list":["post-758","page","type-page","status-publish","has-post-thumbnail","hentry"],"campaignId":"","_links":{"self":[{"href":"https:\/\/www.crimoncalieri.it\/index.php?rest_route=\/wp\/v2\/pages\/758","targetHints":{"allow":["GET"]}}],"collection":[{"href":"https:\/\/www.crimoncalieri.it\/index.php?rest_route=\/wp\/v2\/pages"}],"about":[{"href":"https:\/\/www.crimoncalieri.it\/index.php?rest_route=\/wp\/v2\/types\/page"}],"author":[{"embeddable":true,"href":"https:\/\/www.crimoncalieri.it\/index.php?rest_route=\/wp\/v2\/users\/1"}],"replies":[{"embeddable":true,"href":"https:\/\/www.crimoncalieri.it\/index.php?rest_route=%2Fwp%2Fv2%2Fcomments&post=758"}],"version-history":[{"count":9,"href":"https:\/\/www.crimoncalieri.it\/index.php?rest_route=\/wp\/v2\/pages\/758\/revisions"}],"predecessor-version":[{"id":1391,"href":"https:\/\/www.crimoncalieri.it\/index.php?rest_route=\/wp\/v2\/pages\/758\/revisions\/1391"}],"wp:featuredmedia":[{"embeddable":true,"href":"https:\/\/www.crimoncalieri.it\/index.php?rest_route=\/wp\/v2\/media\/946"}],"wp:attachment":[{"href":"https:\/\/www.crimoncalieri.it\/index.php?rest_route=%2Fwp%2Fv2%2Fmedia&parent=758"}],"curies":[{"name":"wp","href":"https:\/\/api.w.org\/{rel}","templated":true}]}}