{"id":764,"date":"2021-06-14T13:58:49","date_gmt":"2021-06-14T11:58:49","guid":{"rendered":"http:\/\/192.168.254.16\/?page_id=764"},"modified":"2025-01-20T13:09:10","modified_gmt":"2025-01-20T12:09:10","slug":"attivita-giovani","status":"publish","type":"page","link":"https:\/\/www.crimoncalieri.it\/?page_id=764","title":{"rendered":"Attivit\u00e0 Giovani"},"content":{"rendered":"<p>Investire nei ragazzi significa affidare loro responsabilit\u00e0 e progetti, renderli membri attivi e consapevoli della comunit\u00e0 in cui vivono e della vita della nostra sede.<br \/>\nI giovani sono i portavoce pi\u00f9 credibili agli occhi dei loro coetanei ed \u00e8 importante che veicolino messaggi positivi, come l&#8217;educazione a corretti stili di vita, al rispetto della dignit\u00e0 della persona, la valorizzazione della collaborazione e della non violenza, la condanna ferma a ogni forma di discriminazione, bullismo o vessazione.<br \/>\nLe nuove generazioni sono testimoni preziose dei valori in cui crediamo come Movimento, rappresentato il nostro futuro e le direzione nella quale, tutti insieme, volgiamo lo sguardo per costruire il nuovo.<\/p>\n","protected":false},"excerpt":{"rendered":"<p>Investire nei ragazzi significa affidare loro responsabilit\u00e0 e progetti, renderli membri attivi e consapevoli della comunit\u00e0 in cui vivono e della vita della nostra sede. I giovani sono i portavoce pi\u00f9 credibili agli occhi dei loro coetanei ed \u00e8 importante che veicolino messaggi positivi, come l&#8217;educazione a corretti stili di [&hellip;]<\/p>\n","protected":false},"author":1,"featured_media":880,"parent":0,"menu_order":0,"comment_status":"closed","ping_status":"closed","template":"","meta":{"give_campaign_id":0,"footnotes":""},"class_list":["post-764","page","type-page","status-publish","has-post-thumbnail","hentry"],"campaignId":"","_links":{"self":[{"href":"https:\/\/www.crimoncalieri.it\/index.php?rest_route=\/wp\/v2\/pages\/764","targetHints":{"allow":["GET"]}}],"collection":[{"href":"https:\/\/www.crimoncalieri.it\/index.php?rest_route=\/wp\/v2\/pages"}],"about":[{"href":"https:\/\/www.crimoncalieri.it\/index.php?rest_route=\/wp\/v2\/types\/page"}],"author":[{"embeddable":true,"href":"https:\/\/www.crimoncalieri.it\/index.php?rest_route=\/wp\/v2\/users\/1"}],"replies":[{"embeddable":true,"href":"https:\/\/www.crimoncalieri.it\/index.php?rest_route=%2Fwp%2Fv2%2Fcomments&post=764"}],"version-history":[{"count":6,"href":"https:\/\/www.crimoncalieri.it\/index.php?rest_route=\/wp\/v2\/pages\/764\/revisions"}],"predecessor-version":[{"id":1383,"href":"https:\/\/www.crimoncalieri.it\/index.php?rest_route=\/wp\/v2\/pages\/764\/revisions\/1383"}],"wp:featuredmedia":[{"embeddable":true,"href":"https:\/\/www.crimoncalieri.it\/index.php?rest_route=\/wp\/v2\/media\/880"}],"wp:attachment":[{"href":"https:\/\/www.crimoncalieri.it\/index.php?rest_route=%2Fwp%2Fv2%2Fmedia&parent=764"}],"curies":[{"name":"wp","href":"https:\/\/api.w.org\/{rel}","templated":true}]}}