{"id":767,"date":"2021-06-14T14:00:49","date_gmt":"2021-06-14T12:00:49","guid":{"rendered":"http:\/\/192.168.254.16\/?page_id=767"},"modified":"2025-01-20T13:19:14","modified_gmt":"2025-01-20T12:19:14","slug":"siamo-connessi-con-te","status":"publish","type":"page","link":"https:\/\/www.crimoncalieri.it\/?page_id=767","title":{"rendered":"Siamo connessi con te"},"content":{"rendered":"<p>Comunichiamo, e cerchiamo di farlo in modo efficace, rispettoso e corretto.<br \/>\nVorremmo saperti trasmettere quanto pu\u00f2 dare l&#8217;esperienza del volontariato.<br \/>\nDonare, sentirsi utili, diventare parte di un progetto pi\u00f9 grande.<br \/>\nVorremmo riuscire a cooperare con aziende e professionisti creando partnership costruttive e gratificanti, dar luce a nuove idee e mettere in piedi progetti utili per la comunit\u00e0, con la collaborazione di chi ogni giorno si mette in gioco, sicuri che sfide del genere siano destinate al successo.<br \/>\nVorremmo tenerti informata\/o con regolarit\u00e0 sulle nostre attivit\u00e0, perch\u00e9 per noi \u00e8 importante sapere che puoi contare sul nostro aiuto in caso di bisogno.<br \/>\nVorremmo farti arrivare il calore dei sorrisi dei nostri volontari e dipendenti, che tutti i giorni si impegnano al massimo e lo fanno con gioia, competenza e cuore.<\/p>\n","protected":false},"excerpt":{"rendered":"<p>Comunichiamo, e cerchiamo di farlo in modo efficace, rispettoso e corretto. Vorremmo saperti trasmettere quanto pu\u00f2 dare l&#8217;esperienza del volontariato. Donare, sentirsi utili, diventare parte di un progetto pi\u00f9 grande. Vorremmo riuscire a cooperare con aziende e professionisti creando partnership costruttive e gratificanti, dar luce a nuove idee e mettere [&hellip;]<\/p>\n","protected":false},"author":1,"featured_media":922,"parent":0,"menu_order":0,"comment_status":"closed","ping_status":"closed","template":"","meta":{"give_campaign_id":0,"footnotes":""},"class_list":["post-767","page","type-page","status-publish","has-post-thumbnail","hentry"],"campaignId":"","_links":{"self":[{"href":"https:\/\/www.crimoncalieri.it\/index.php?rest_route=\/wp\/v2\/pages\/767","targetHints":{"allow":["GET"]}}],"collection":[{"href":"https:\/\/www.crimoncalieri.it\/index.php?rest_route=\/wp\/v2\/pages"}],"about":[{"href":"https:\/\/www.crimoncalieri.it\/index.php?rest_route=\/wp\/v2\/types\/page"}],"author":[{"embeddable":true,"href":"https:\/\/www.crimoncalieri.it\/index.php?rest_route=\/wp\/v2\/users\/1"}],"replies":[{"embeddable":true,"href":"https:\/\/www.crimoncalieri.it\/index.php?rest_route=%2Fwp%2Fv2%2Fcomments&post=767"}],"version-history":[{"count":6,"href":"https:\/\/www.crimoncalieri.it\/index.php?rest_route=\/wp\/v2\/pages\/767\/revisions"}],"predecessor-version":[{"id":1392,"href":"https:\/\/www.crimoncalieri.it\/index.php?rest_route=\/wp\/v2\/pages\/767\/revisions\/1392"}],"wp:featuredmedia":[{"embeddable":true,"href":"https:\/\/www.crimoncalieri.it\/index.php?rest_route=\/wp\/v2\/media\/922"}],"wp:attachment":[{"href":"https:\/\/www.crimoncalieri.it\/index.php?rest_route=%2Fwp%2Fv2%2Fmedia&parent=767"}],"curies":[{"name":"wp","href":"https:\/\/api.w.org\/{rel}","templated":true}]}}