{"id":773,"date":"2021-06-14T14:14:08","date_gmt":"2021-06-14T12:14:08","guid":{"rendered":"http:\/\/192.168.254.16\/?page_id=773"},"modified":"2025-11-01T14:29:50","modified_gmt":"2025-11-01T13:29:50","slug":"perche-donare","status":"publish","type":"page","link":"https:\/\/www.crimoncalieri.it\/?page_id=773","title":{"rendered":"SOSTIENICI"},"content":{"rendered":"<p>Nei momenti di maggiore necessit\u00e0 \u00e8 fondamentale avere qualcuno su cui poter contare.<br \/>\nLa Croce Rossa Italiana \u00e8 stata, \u00e8 e sar\u00e0 sempre al tuo fianco, a quello delle persone a te care e a tutti coloro che ne avranno bisogno.<br \/>\nSiamo una squadra e, come tale, ci supportiamo a vicenda per superare le sfide che ci si presentano e vincere.<br \/>\nIl cammino \u00e8 lungo e la strada \u00e8 piena di ostacoli ma, insieme, raggiungeremo la meta.<br \/>\nPerch\u00e9 donare? Ecco tre tra le molte ottime ragioni:<br \/>\n\u2022 Perch\u00e9 supportare la Croce Rossa Italiana significa anche aiutare se stessi.<br \/>\n\u2022 Perch\u00e9 puoi contribuire a sviluppare una istituzione, dedita al bene, presente sul territorio da decenni.<br \/>\n\u2022 Perch\u00e9 hai letto fino qui, e gi\u00e0 per questo sei una bella persona.<br \/>\nDona!<\/p>\n<p>Croce Rossa Italiana &#8211; Comitato di Moncalieri OdV<\/p>\n<p><span>IBAN : IT 35 E06170 20000 000001548167<\/span><\/p>\n<p>&nbsp;<\/p>\n<p><img loading=\"lazy\" decoding=\"async\" id=\"longdesc-return-931\" longdesc=\"http:\/\/www.crimoncalieri.it?longdesc=931&amp;referrer=773\" src=\"http:\/\/www.crimoncalieri.it\/wp-content\/uploads\/2021\/06\/12CE303E-7565-444B-90A3-2F4F2F0A4BC4_4_5005_c.jpeg\" alt=\"\" width=\"148\" height=\"35\" class=\"alignnone wp-image-931\" tabindex=\"-1\" \/><\/p>\n<p>Link Satispay:<\/p>\n<p><a href=\"https:\/\/tag.satispay.com\/CRIComitatoMoncalieri\">https:\/\/tag.satispay.com\/CRIComitatoMoncalieri<\/a><\/p>\n<p>Come mi comporto con le tasse?\u00a0 \u00a0<a href=\"http:\/\/www.crimoncalieri.it\/wp-content\/uploads\/2021\/06\/Deduzioni-e-detrazioni.pdf\" class=\"mtli_attachment mtli_pdf\">Scarica questa tabella<\/a><\/p>\n","protected":false},"excerpt":{"rendered":"<p>Nei momenti di maggiore necessit\u00e0 \u00e8 fondamentale avere qualcuno su cui poter contare. La Croce Rossa Italiana \u00e8 stata, \u00e8 e sar\u00e0 sempre al tuo fianco, a quello delle persone a te care e a tutti coloro che ne avranno bisogno. Siamo una squadra e, come tale, ci supportiamo a [&hellip;]<\/p>\n","protected":false},"author":1,"featured_media":945,"parent":0,"menu_order":0,"comment_status":"closed","ping_status":"closed","template":"","meta":{"give_campaign_id":0,"footnotes":""},"class_list":["post-773","page","type-page","status-publish","has-post-thumbnail","hentry"],"campaignId":"","_links":{"self":[{"href":"https:\/\/www.crimoncalieri.it\/index.php?rest_route=\/wp\/v2\/pages\/773","targetHints":{"allow":["GET"]}}],"collection":[{"href":"https:\/\/www.crimoncalieri.it\/index.php?rest_route=\/wp\/v2\/pages"}],"about":[{"href":"https:\/\/www.crimoncalieri.it\/index.php?rest_route=\/wp\/v2\/types\/page"}],"author":[{"embeddable":true,"href":"https:\/\/www.crimoncalieri.it\/index.php?rest_route=\/wp\/v2\/users\/1"}],"replies":[{"embeddable":true,"href":"https:\/\/www.crimoncalieri.it\/index.php?rest_route=%2Fwp%2Fv2%2Fcomments&post=773"}],"version-history":[{"count":54,"href":"https:\/\/www.crimoncalieri.it\/index.php?rest_route=\/wp\/v2\/pages\/773\/revisions"}],"predecessor-version":[{"id":1450,"href":"https:\/\/www.crimoncalieri.it\/index.php?rest_route=\/wp\/v2\/pages\/773\/revisions\/1450"}],"wp:featuredmedia":[{"embeddable":true,"href":"https:\/\/www.crimoncalieri.it\/index.php?rest_route=\/wp\/v2\/media\/945"}],"wp:attachment":[{"href":"https:\/\/www.crimoncalieri.it\/index.php?rest_route=%2Fwp%2Fv2%2Fmedia&parent=773"}],"curies":[{"name":"wp","href":"https:\/\/api.w.org\/{rel}","templated":true}]}}