{"id":776,"date":"2021-06-14T14:17:17","date_gmt":"2021-06-14T12:17:17","guid":{"rendered":"http:\/\/192.168.254.16\/?page_id=776"},"modified":"2025-01-20T13:10:20","modified_gmt":"2025-01-20T12:10:20","slug":"bonifico-bancario","status":"publish","type":"page","link":"https:\/\/www.crimoncalieri.it\/?page_id=776","title":{"rendered":"Bonifico bancario"},"content":{"rendered":"<p><strong>Il tuo gesto pu\u00f2 fare la differenza!<\/strong><br \/>\nOgni donazione contribuisce a rendere possibile l&#8217;azione quotidiana della Croce Rossa Italiana \u2013 Comitato di Moncalieri OdV. Grazie al tuo supporto, possiamo continuare a portare aiuto dove ce n&#8217;\u00e8 pi\u00f9 bisogno, offrire supporto alle persone in difficolt\u00e0 e garantire un futuro pi\u00f9 sicuro e solidale per la nostra comunit\u00e0.<\/p>\n<p>Se desideri fare una donazione tramite bonifico bancario, puoi utilizzare i seguenti dati:<\/p>\n<p><strong>Croce Rossa Italiana \u2013 Comitato di Moncalieri OdV<\/strong><br \/>\n<strong>IBAN<\/strong>: IT 35 E 06170 20000 000001548167<\/p>\n<p>Ogni contributo, anche il pi\u00f9 piccolo, \u00e8 un dono prezioso.<\/p>\n<p>Grazie di cuore per il tuo impegno e il tuo sostegno!<\/p>\n","protected":false},"excerpt":{"rendered":"<p>Il tuo gesto pu\u00f2 fare la differenza! Ogni donazione contribuisce a rendere possibile l&#8217;azione quotidiana della Croce Rossa Italiana \u2013 Comitato di Moncalieri OdV. Grazie al tuo supporto, possiamo continuare a portare aiuto dove ce n&#8217;\u00e8 pi\u00f9 bisogno, offrire supporto alle persone in difficolt\u00e0 e garantire un futuro pi\u00f9 sicuro [&hellip;]<\/p>\n","protected":false},"author":1,"featured_media":0,"parent":0,"menu_order":0,"comment_status":"closed","ping_status":"closed","template":"","meta":{"give_campaign_id":0,"footnotes":""},"class_list":["post-776","page","type-page","status-publish","hentry"],"campaignId":"","_links":{"self":[{"href":"https:\/\/www.crimoncalieri.it\/index.php?rest_route=\/wp\/v2\/pages\/776","targetHints":{"allow":["GET"]}}],"collection":[{"href":"https:\/\/www.crimoncalieri.it\/index.php?rest_route=\/wp\/v2\/pages"}],"about":[{"href":"https:\/\/www.crimoncalieri.it\/index.php?rest_route=\/wp\/v2\/types\/page"}],"author":[{"embeddable":true,"href":"https:\/\/www.crimoncalieri.it\/index.php?rest_route=\/wp\/v2\/users\/1"}],"replies":[{"embeddable":true,"href":"https:\/\/www.crimoncalieri.it\/index.php?rest_route=%2Fwp%2Fv2%2Fcomments&post=776"}],"version-history":[{"count":6,"href":"https:\/\/www.crimoncalieri.it\/index.php?rest_route=\/wp\/v2\/pages\/776\/revisions"}],"predecessor-version":[{"id":1384,"href":"https:\/\/www.crimoncalieri.it\/index.php?rest_route=\/wp\/v2\/pages\/776\/revisions\/1384"}],"wp:attachment":[{"href":"https:\/\/www.crimoncalieri.it\/index.php?rest_route=%2Fwp%2Fv2%2Fmedia&parent=776"}],"curies":[{"name":"wp","href":"https:\/\/api.w.org\/{rel}","templated":true}]}}